{"id":5,"date":"2021-11-23T09:53:27","date_gmt":"2021-11-23T08:53:27","guid":{"rendered":"http:\/\/romainsimonin.fr\/wordpress\/?page_id=5"},"modified":"2023-10-13T11:29:25","modified_gmt":"2023-10-13T09:29:25","slug":"home","status":"publish","type":"page","link":"https:\/\/romainsimonin.fr\/wordpress\/","title":{"rendered":"Home"},"content":{"rendered":"<div id=\"bio\"><\/div>\n<div class=\"row well-sm \" ><div class=\"container\"><div class=\"row row-edge\">\n<div class=\"col-xs-12 col-sm-12 col-md-4 col-lg-4\">\n<h2>Le digital comme ADN<\/h2>\n<\/div>\n<div class=\"col-xs-12 col-sm-12 col-md-8 col-lg-8 toggle-post\">\n<div class=\"row row-edge full-post \" >\n<div class=\"col-md-6\">\n<p>Consultant, formateur et enseignant, j\u2019\u00e9volue depuis 13 ans dans le digital.<\/p>\n<p>Dipl\u00f4m\u00e9 de l\u2019INSEEC Business School, j\u2019ai commenc\u00e9 ma carri\u00e8re de consultant chez <a href=\"http:\/\/www.fullsix.com\/\" target=\"_blank\" rel=\"noopener noreferrer\">Fullsix<\/a>, agence leader en communication digitale &amp; CRM, rachet\u00e9e par Havas en 2015. Au sein du groupe Fullsix, j\u2019ai occup\u00e9 les fonctions de chef de projet, consultant marketing et consultant m\u00e9dias sociaux.<\/p>\n<p>Consultant ind\u00e9pendant depuis 2010, j\u2019apporte mon expertise de digital specialist aux entreprises (agences de communication, grands comptes, PME\u2026), sur des missions de conseil ou de formation. J\u2019interviens notamment r\u00e9guli\u00e8rement comme formateur pour la <a href=\"http:\/\/www.ddb.fr\/digitals\/digital-university\/\" target=\"_blank\" rel=\"noopener noreferrer\">Digital University<\/a> (DDB Paris). J&rsquo;enseigne \u00e9galement \u00e0 l&rsquo;<a href=\"https:\/\/www.inseec-bs.com\/programme-grande-ecole-cycle-master\/\" target=\"_blank\" rel=\"noopener noreferrer\">INSEEC Business School Paris<\/a>.<\/p>\n<\/div>\n<div class=\"col-md-6\">\n<p>Au cours de ma carri\u00e8re professionnelle j\u2019ai accompagn\u00e9 de nombreuses marques dans leur d\u00e9veloppement digital, en particulier dans les secteurs des t\u00e9l\u00e9coms (Bouygues Telecom, SFR), de la banque (Soci\u00e9t\u00e9 G\u00e9n\u00e9rale, Amundi, LCL), de l\u2019assurance (AXA, Aviva), des cosm\u00e9tiques (L\u2019Occitane, Biotherm) ou encore de la restauration rapide (McDonald\u2019s).<\/p>\n<p>Pour connaitre mes conditions d\u2019intervention, n\u2019h\u00e9sitez pas \u00e0 <a href=\"#contact\">me contacter<\/a>.<\/p>\n<\/div>\n<\/div>\n<div class=\"row row-edge except \" >\n<div class=\"col-md-12\">\n<a class=\"cherry-btn cherry-btn-default cherry-btn-medium cherry-btn-inline cherry-btn-fade  \" target=\"_self\" href=\"#\">Lire la Suite<\/a>\n<\/div>\n<\/div>\n<\/div>\n<\/div><\/div><\/div>\n<div id=\"expertises\"><\/div>\n<section class=\"parallax-box image-parallax-box \" style=\"min-height: 300px\"><div class=\"parallax-content\">\n<div class=\"cherry-banner template-default  \"><a href=\"https:\/\/romainsimonin.fr\/wordpress\/service-view\/\" class=\"cherry-banner_link\">\n\t<div class=\"cherry-banner_wrap\" style=\"background-image: url(); background-color:; color:#ffffff\">\n\t\t<h2 class=\"cherry-banner_title\" style=\"color:#ffffff;\">Expertises<\/h2>\n\t\t<div class=\"cherry-banner_content\"><\/div>\n\t<\/div>\n<\/a><\/div>\n<div class=\"cherry-services services-wrap-2 boxed-layout\"><div class=\"row\"><div class=\"services-listing\"><div id=\"services-593\" class=\"cherry-services_item item-1 clearfix odd col-xs-12 clear-col-xs col-sm-6 clear-col-sm col-md-3 clear-col-md\"><div class=\"inner-wrap\">\r\n<div class=\"cherry-services_icon\"><i class=\"mercury-icon-note-2\"><\/i><\/div>\r\n<h3 class=\"cherry-services_title\">Transformation digitale<\/h3>\r\n<\/div>\r\n<div class=\"inner-description\"><div class=\"cherry-services_feauters\">Accompagner les organisations dans les mutations li\u00e9es au num\u00e9rique et faciliter l&#039;int\u00e9gration de la comp\u00e9tence digitale en entreprise<\/div><\/div>\r\n<span class=\"wrap\"><\/span>\r\n\r\n<\/div><!--\/.services-item--><div id=\"services-594\" class=\"cherry-services_item item-2 clearfix even col-xs-12 clear-col-xs col-sm-6 col-md-3\"><div class=\"inner-wrap\">\r\n<div class=\"cherry-services_icon\"><i class=\"mercury-icon-chat\"><\/i><\/div>\r\n<h3 class=\"cherry-services_title\">M\u00e9dias sociaux<\/h3>\r\n<\/div>\r\n<div class=\"inner-description\"><div class=\"cherry-services_feauters\">Gestion de la relation client et dispositifs de communication centr\u00e9s \"client\"<\/div><\/div>\r\n<span class=\"wrap\"><\/span>\r\n\r\n<\/div><!--\/.services-item--><div id=\"services-595\" class=\"cherry-services_item item-3 clearfix odd col-xs-12 clear-col-xs col-sm-6 clear-col-sm col-md-3\"><div class=\"inner-wrap\">\r\n<div class=\"cherry-services_icon\"><i class=\"mercury-icon-mobile\"><\/i><\/div>\r\n<h3 class=\"cherry-services_title\">Mobile<\/h3>\r\n<\/div>\r\n<div class=\"inner-description\"><div class=\"cherry-services_feauters\">Adapter sa strat\u00e9gie digitale aux nouveaux usages mobile first des consommateurs et d\u00e9velopper une approche omni-channel<\/div><\/div>\r\n<span class=\"wrap\"><\/span>\r\n\r\n<\/div><!--\/.services-item--><div id=\"services-596\" class=\"cherry-services_item item-4 clearfix even col-xs-12 clear-col-xs col-sm-6 col-md-3\"><div class=\"inner-wrap\">\r\n<div class=\"cherry-services_icon\"><i class=\"mercury-icon-chart-up\"><\/i><\/div>\r\n<h3 class=\"cherry-services_title\">E-commerce<\/h3>\r\n<\/div>\r\n<div class=\"inner-description\"><div class=\"cherry-services_feauters\">Optimiser sa strat\u00e9gie de distribution en ligne et d\u00e9velopper ses ventes<\/div><\/div>\r\n<span class=\"wrap\"><\/span>\r\n\r\n<\/div><!--\/.services-item--><div id=\"services-597\" class=\"cherry-services_item item-5 clearfix odd col-xs-12 clear-col-xs col-sm-6 clear-col-sm col-md-3 clear-col-md\"><div class=\"inner-wrap\">\r\n<div class=\"cherry-services_icon\"><i class=\"mercury-icon-target-2\"><\/i><\/div>\r\n<h3 class=\"cherry-services_title\">Publicit\u00e9 en ligne<\/h3>\r\n<\/div>\r\n<div class=\"inner-description\"><div class=\"cherry-services_feauters\">Strat\u00e9gies de r\u00e9f\u00e9rencement (SEO & SEM) et publicit\u00e9 \u00e0 la performance: Google Adwords, social ads, real time bidding, display...<\/div><\/div>\r\n<span class=\"wrap\"><\/span>\r\n\r\n<\/div><!--\/.services-item--><div id=\"services-598\" class=\"cherry-services_item item-6 clearfix even col-xs-12 clear-col-xs col-sm-6 col-md-3\"><div class=\"inner-wrap\">\r\n<div class=\"cherry-services_icon\"><i class=\"mercury-icon-partners\"><\/i><\/div>\r\n<h3 class=\"cherry-services_title\">Social selling<\/h3>\r\n<\/div>\r\n<div class=\"inner-description\"><div class=\"cherry-services_feauters\">Prospecter et vendre gr\u00e2ce aux r\u00e9seaux sociaux professionnels<\/div><\/div>\r\n<span class=\"wrap\"><\/span>\r\n\r\n<\/div><!--\/.services-item--><\/div><\/div><\/div>\n<div class=\"cherry-banner template-default cherry-banner-wth-btn \"><a href=\"\" class=\"cherry-banner_link\">\n\t<div class=\"cherry-banner_wrap\" style=\"background-image: url(); background-color:; color:\">\n\t\t<h2 class=\"cherry-banner_title\"><\/h2>\n\t\t<div class=\"cherry-banner_content\">\n<a class=\"cherry-btn cherry-btn-default cherry-btn-medium cherry-btn-inline cherry-btn-fade  \" target=\"_self\" href=\"https:\/\/romainsimonin.fr\/wordpress\/mon-offre\/\">Mon offre de services<\/a>\n<\/div>\n\t<\/div>\n<\/a><\/div>\n<div class=\"clear\"><\/div><\/div><div class=\"parallax-bg\" data-parallax-type=\"image\" data-img-url=\"http:\/\/romainsimonin.fr\/wordpress\/wp-content\/uploads\/2017\/03\/parallax-1.jpg\" data-speed=\"1.5\" data-invert=\"\" ><\/div><\/section>\n<div id=\"portfolio\"><\/div>\n<div class=\"row well-md \" ><div class=\"container\"><div class=\"row row-edge\">\n<h2 style=\"text-align: center;\">Derniers projets<\/h2>\n<div class=\"portfolio-wrap\"><div class=\"portfolio-container grid-layout loading-animation-move-up\"  data-post-per-page=\"3\" data-column=\"3\" data-list-layout=\"grid-layout\" data-loading-mode=\"none\" data-item-margin=\"30\" data-fixed-height=\"300\" data-template=\"portfolio_grid.tmpl\" data-posts-format=\"post-format-all\" data-single-term=\"\"><div class=\"portfolio-list\"  data-all-posts-count=\"8\"><\/div><\/div><\/div>\n<p style=\"text-align: center;\"><a class=\"cherry-btn cherry-btn-default cherry-btn-medium cherry-btn-inline cherry-btn-fade  \" target=\"_self\" href=\"https:\/\/romainsimonin.fr\/wordpress\/gallery\/\">Voir plus de projets<\/a>\n<\/div><\/div><\/div>\n<section class=\"parallax-box image-parallax-box bg-additional additional-form\" style=\"min-height: 300px\"><div class=\"parallax-content\">\n<div id=\"references\"><\/div>\n<div class=\"row well-md well-md--offset-2 \" ><div class=\"container\"><div class=\"row row-edge\"><\/div><\/div><\/div>\n<h2 style=\"text-align: center;\">R\u00e9f\u00e9rences clients<\/h2>\n<p style=\"text-align: center;\"><img decoding=\"async\" loading=\"lazy\" class=\"alignnone size-full wp-image-4779\" src=\"http:\/\/romainsimonin.fr\/wordpress\/wp-content\/uploads\/2017\/01\/Logo_McDonalds.png\" alt=\"\" width=\"163\" height=\"150\" \/><img decoding=\"async\" loading=\"lazy\" class=\"alignnone size-full wp-image-8334\" src=\"http:\/\/romainsimonin.fr\/wordpress\/wp-content\/uploads\/2019\/10\/Logo_Volkswagen.png\" alt=\"\" width=\"150\" height=\"150\" \/><img decoding=\"async\" loading=\"lazy\" class=\"alignnone size-medium wp-image-4783\" src=\"http:\/\/romainsimonin.fr\/wordpress\/wp-content\/uploads\/2017\/01\/Logo_bouygues.png\" alt=\"\" width=\"300\" height=\"128\" \/><img decoding=\"async\" loading=\"lazy\" class=\"alignnone size-medium wp-image-4781\" src=\"http:\/\/romainsimonin.fr\/wordpress\/wp-content\/uploads\/2017\/01\/Logo_AXA.png\" alt=\"\" width=\"150\" height=\"150\" \/><\/p>\n<p style=\"text-align: center;\"><img decoding=\"async\" loading=\"lazy\" class=\"alignnone size-medium wp-image-4782\" src=\"http:\/\/romainsimonin.fr\/wordpress\/wp-content\/uploads\/2017\/01\/Logo_BEL.png\" alt=\"\" width=\"154\" height=\"150\" \/><img decoding=\"async\" loading=\"lazy\" class=\"alignnone size-medium wp-image-4784\" src=\"http:\/\/romainsimonin.fr\/wordpress\/wp-content\/uploads\/2017\/04\/Logo_loccitane.png\" alt=\"\" width=\"300\" height=\"94\" \/><img decoding=\"async\" loading=\"lazy\" class=\"alignnone size-full wp-image-4790\" src=\"http:\/\/romainsimonin.fr\/wordpress\/wp-content\/uploads\/2020\/03\/GRT-1.png\" alt=\"\" width=\"251\" height=\"150\" \/><img decoding=\"async\" loading=\"lazy\" class=\"alignnone size-medium wp-image-4791\" src=\"http:\/\/romainsimonin.fr\/wordpress\/wp-content\/uploads\/2017\/01\/Logo_QF.png\" alt=\"\" width=\"238\" height=\"150\" \/><\/p>\n<p><\/br><div class=\"clear\"><\/div><\/div><div class=\"parallax-bg\" data-parallax-type=\"image\" data-img-url=\"http:\/\/romainsimonin.fr\/wordpress\/wp-content\/uploads\/2017\/03\/coffee_break.jpg\" data-speed=\"1.5\" data-invert=\"\" ><\/div><\/section>\n<div id=\"temoignages\"><\/div>\n<div class=\"row well-md \" ><div class=\"container\"><div class=\"row row-edge\">\n<div class=\"col-xs-12 col-sm-12 col-md-12 col-lg-12\">\n<h2 style=\"text-align: center;\">T\u00e9moignages clients<\/h2>\n<div class=\"cherry-swiper-carousel-container\"><section id=\"cherry-swiper-carousel-1\" class=\"cherry-swiper-carousel swiper-container template-swiper_carousel_testimonials carousel_1\" data-post-per-page=\"5\" data-slides-per-view=\"1\" data-slides-per-group=\"1\" data-slides-per-column=\"1\" data-space-between-slides=\"10\" data-duration-speed=\"300\" data-swiper-loop=\"1\" data-free-mode=\"\" data-grab-cursor=\"1\" data-mouse-wheel=\"\" data-centered-slide=\"\" data-swiper-effect=\"slide\" data-uniq-id=\"swiper-carousel-1\"><div class=\"swiper-wrapper\"><article class=\"cherry-swiper-carousel-slide swiper-slide post-item testimonial-item item-0 odd\"><div class=\"inner clearfix\"><img class=\"wp-post-image croped-image \" data-ratio=\"1\" width=\"135\" height=\"135\" src=\"https:\/\/romainsimonin.fr\/wordpress\/wp-content\/uploads\/2015\/05\/Alice-135x135.png\" alt=\"\">\r\n<h5 class=\"post-title\">Alice P. - AXA<\/h5>\r\n<div class=\"post-content part\">Romain can be entrusted with a variety of challenges and manage projects of a wide-ranging nature. He quickly apprehended my needs and proactively recommended solutions to meet my objectives. Romain is a pleasure to work with and an excellent editor.<\/div>\r\n\r\n<\/div><\/article><!--\/.cherry-swiper-carousel-item--><article class=\"cherry-swiper-carousel-slide swiper-slide post-item testimonial-item item-1 even\"><div class=\"inner clearfix\"><img class=\"wp-post-image croped-image \" data-ratio=\"1\" width=\"135\" height=\"135\" src=\"https:\/\/romainsimonin.fr\/wordpress\/wp-content\/uploads\/2015\/05\/Marielle-135x135.png\" alt=\"\">\r\n<h5 class=\"post-title\">Marielle G. - Aviva<\/h5>\r\n<div class=\"post-content part\">J&rsquo;ai travaill\u00e9 avec Romain \u00e0 l&rsquo;occasion\u00a0de la formation de nos \u00e9quipes terrain sur les r\u00e9seaux sociaux. Je le recommande vivement pour ses qualit\u00e9s de formation, de compr\u00e9hension du message \u00e0 d\u00e9livrer en fonction du public concern\u00e9 et ses comp\u00e9tences ind\u00e9niables sur les r\u00e9seaux sociaux.<\/div>\r\n\r\n<\/div><\/article><!--\/.cherry-swiper-carousel-item--><article class=\"cherry-swiper-carousel-slide swiper-slide post-item testimonial-item item-2 odd\"><div class=\"inner clearfix\"><img class=\"wp-post-image croped-image \" data-ratio=\"1\" width=\"135\" height=\"135\" src=\"https:\/\/romainsimonin.fr\/wordpress\/wp-content\/uploads\/2016\/05\/Student-135x135.png\" alt=\"\">\r\n<h5 class=\"post-title\">\u00c9tudiant - Inseec U.<\/h5>\r\n<div class=\"post-content part\">Le meilleur professeur que nous avons pu avoir cette ann\u00e9e, tr\u00e8s professionnel, \u00e0 l&rsquo;\u00e9coute. Un projet int\u00e9ressant \u00e0 r\u00e9aliser. Tr\u00e8s efficace dans l&rsquo;ensemble.<\/div>\r\n\r\n<\/div><\/article><!--\/.cherry-swiper-carousel-item--><article class=\"cherry-swiper-carousel-slide swiper-slide post-item testimonial-item item-3 even\"><div class=\"inner clearfix\"><img class=\"wp-post-image croped-image \" data-ratio=\"1\" width=\"135\" height=\"135\" src=\"https:\/\/romainsimonin.fr\/wordpress\/wp-content\/uploads\/2015\/05\/Alice-135x135.png\" alt=\"\">\r\n<h5 class=\"post-title\">Student - Inseec U.<\/h5>\r\n<div class=\"post-content part\">Best professor of the major. He prepared each lesson with so much effort, you can see that the content was really new and good. He was always available for his students. He&rsquo;s one of the best professor that I ever had.<\/div>\r\n\r\n<\/div><\/article><!--\/.cherry-swiper-carousel-item--><article class=\"cherry-swiper-carousel-slide swiper-slide post-item testimonial-item item-4 odd\"><div class=\"inner clearfix\"><img class=\"wp-post-image croped-image \" data-ratio=\"1\" width=\"135\" height=\"135\" src=\"https:\/\/romainsimonin.fr\/wordpress\/wp-content\/uploads\/2016\/05\/Student-135x135.png\" alt=\"\">\r\n<h5 class=\"post-title\">Student - Inseec U.<\/h5>\r\n<div class=\"post-content part\">Great professor, with clear materials and objectives. Enjoyable to listen to and talk to.<\/div>\r\n\r\n<\/div><\/article><!--\/.cherry-swiper-carousel-item--><\/div><\/section><div id=\"swiper-carousel-1-next\" class=\"swiper-button-next outer\"><\/div><div id=\"swiper-carousel-1-prev\" class=\"swiper-button-prev outer\"><\/div><\/div>\n<\/div>\n<\/div><\/div><\/div>\n<section class=\"parallax-box image-parallax-box bg-secondary\" style=\"min-height: 300px\"><div class=\"parallax-content\">\n<div class=\"row well-md well-md--offset-1 \" ><div class=\"container\"><div class=\"row row-edge\">\n<h2 style=\"text-align: center;\">Un caf\u00e9 ?<\/h2>\n<p style=\"text-align: center;\">Vous souhaitez \u00e9changer au sujet de vos projets digitaux ou de vos besoins de formation ? Discutons-en !<\/p>\n<p style=\"text-align: center;\"><div class=\"col-xs-12 col-sm-12 col-md-12 col-lg-12\">\n<p style=\"text-align: left;\"><\/div>\n<h5 style=\"text-align: center;\">Faisons connaissance&#8230;<\/h5>\n<p style=\"text-align: left;\"><div id='cherry-follow-items-1' class='cherry-follow_wrap'><ul class='cherry-follow_list clearfix'><li class=\"cherry-follow_item linkedin-item\"><a class=\"cherry-follow_link\" href=\"https:\/\/www.linkedin.com\/in\/rsimonin\" target=\"_blank\" rel=\"nofollow\" title=\"LinkedIn\"><i class='fa fa-linkedin'><\/i><span class=\"cherry-follow_label\">LinkedIn<\/span><\/a><\/li><li class=\"cherry-follow_item twitter-item\"><a class=\"cherry-follow_link\" href=\"https:\/\/twitter.com\/romain_simonin\" target=\"_blank\" rel=\"nofollow\" title=\"Twitter\"><i class='fa fa-twitter'><\/i><span class=\"cherry-follow_label\">Twitter<\/span><\/a><\/li><li class=\"cherry-follow_item email-item\"><a class=\"cherry-follow_link\" href=\"mailto:rsimonin@gmail.com\" target=\"_blank\" rel=\"nofollow\" title=\"Email\"><i class='fl-bigmug-line-email64'><\/i><span class=\"cherry-follow_label\">Email<\/span><\/a><\/li><\/ul><\/div>\n<p id=\"contact\" style=\"text-align: left;\"><\/div><\/div><\/div>\n<div class=\"clear\"><\/div><\/div><div class=\"parallax-bg\" data-parallax-type=\"image\" data-img-url=\"http:\/\/romainsimonin.fr\/wordpress\/wp-content\/uploads\/2017\/03\/coffee_break.jpg\" data-speed=\"1.5\" data-invert=\"\" ><\/div><\/section>\n","protected":false},"excerpt":{"rendered":"","protected":false},"author":1,"featured_media":0,"parent":0,"menu_order":0,"comment_status":"closed","ping_status":"closed","template":"","meta":{"footnotes":""},"_links":{"self":[{"href":"https:\/\/romainsimonin.fr\/wordpress\/wp-json\/wp\/v2\/pages\/5"}],"collection":[{"href":"https:\/\/romainsimonin.fr\/wordpress\/wp-json\/wp\/v2\/pages"}],"about":[{"href":"https:\/\/romainsimonin.fr\/wordpress\/wp-json\/wp\/v2\/types\/page"}],"author":[{"embeddable":true,"href":"https:\/\/romainsimonin.fr\/wordpress\/wp-json\/wp\/v2\/users\/1"}],"replies":[{"embeddable":true,"href":"https:\/\/romainsimonin.fr\/wordpress\/wp-json\/wp\/v2\/comments?post=5"}],"version-history":[{"count":23,"href":"https:\/\/romainsimonin.fr\/wordpress\/wp-json\/wp\/v2\/pages\/5\/revisions"}],"predecessor-version":[{"id":8423,"href":"https:\/\/romainsimonin.fr\/wordpress\/wp-json\/wp\/v2\/pages\/5\/revisions\/8423"}],"wp:attachment":[{"href":"https:\/\/romainsimonin.fr\/wordpress\/wp-json\/wp\/v2\/media?parent=5"}],"curies":[{"name":"wp","href":"https:\/\/api.w.org\/{rel}","templated":true}]}}